{"id":10,"date":"2022-04-19T01:16:30","date_gmt":"2022-04-19T01:16:30","guid":{"rendered":"http:\/\/temkad.org\/?page_id=10"},"modified":"2022-04-20T13:28:36","modified_gmt":"2022-04-20T13:28:36","slug":"vizyonumuz","status":"publish","type":"page","link":"https:\/\/temkad.org\/?page_id=10","title":{"rendered":"Vizyonumuz"},"content":{"rendered":"<!-- wp:themify-builder\/canvas \/-->","protected":false},"excerpt":{"rendered":"","protected":false},"author":1,"featured_media":0,"parent":0,"menu_order":0,"comment_status":"closed","ping_status":"closed","template":"","meta":{"site-sidebar-layout":"default","site-content-layout":"default","ast-main-header-display":"","ast-hfb-above-header-display":"","ast-hfb-below-header-display":"","ast-hfb-mobile-header-display":"","site-post-title":"","ast-breadcrumbs-content":"","ast-featured-img":"","footer-sml-layout":"","theme-transparent-header-meta":"","adv-header-id-meta":"","stick-header-meta":"","header-above-stick-meta":"","header-main-stick-meta":"","header-below-stick-meta":"","footnotes":""},"class_list":["post-10","page","type-page","status-publish","hentry"],"builder_content":"<h3>Modern teknolojinin sundu\u011fu \u00e7a\u011fda\u015f ileti\u015fimdeki do\u011fru ve g\u00fcvenilir t\u00fcm olanaklar\u0131 kullanarak siyasi, politik, inan\u00e7 ve ekonomik \u00e7\u0131kar konular\u0131n\u0131 i\u00e7ermeksizin sa\u011fl\u0131k alan\u0131nda bilim dal\u0131 ay\u0131rt etmeden sa\u011fl\u0131kl\u0131 ya\u015fam\u0131n korunmas\u0131 ve t\u00fcm hastal\u0131klar\u0131n \u00f6nlenmesi, tedavisi ve takiplerini konu alan bilimsel i\u00e7erikli etkinlerin\/ ara\u015ft\u0131rmalar\u0131n sa\u011fl\u0131k \u00e7al\u0131\u015fanlar\u0131 ve toplum sa\u011fl\u0131\u011f\u0131na bilimsel katk\u0131 salayacak \u015fekilde desteklenmesi, geli\u015ftirilmesi ve te\u015fvik edilmesi.<\/h3>\n<img src=\"http:\/\/temkad.org\/wp-content\/uploads\/2022\/04\/banner-1.jpg\" width=\"1921\" height=\"701\" title=\"Vizyonumuz\" alt=\"Vizyonumuz\">","_links":{"self":[{"href":"https:\/\/temkad.org\/index.php?rest_route=\/wp\/v2\/pages\/10","targetHints":{"allow":["GET"]}}],"collection":[{"href":"https:\/\/temkad.org\/index.php?rest_route=\/wp\/v2\/pages"}],"about":[{"href":"https:\/\/temkad.org\/index.php?rest_route=\/wp\/v2\/types\/page"}],"author":[{"embeddable":true,"href":"https:\/\/temkad.org\/index.php?rest_route=\/wp\/v2\/users\/1"}],"replies":[{"embeddable":true,"href":"https:\/\/temkad.org\/index.php?rest_route=%2Fwp%2Fv2%2Fcomments&post=10"}],"version-history":[{"count":4,"href":"https:\/\/temkad.org\/index.php?rest_route=\/wp\/v2\/pages\/10\/revisions"}],"predecessor-version":[{"id":948,"href":"https:\/\/temkad.org\/index.php?rest_route=\/wp\/v2\/pages\/10\/revisions\/948"}],"wp:attachment":[{"href":"https:\/\/temkad.org\/index.php?rest_route=%2Fwp%2Fv2%2Fmedia&parent=10"}],"curies":[{"name":"wp","href":"https:\/\/api.w.org\/{rel}","templated":true}]}}