{"id":11,"date":"2022-04-19T01:16:30","date_gmt":"2022-04-19T01:16:30","guid":{"rendered":"http:\/\/temkad.org\/?page_id=11"},"modified":"2022-04-20T13:29:41","modified_gmt":"2022-04-20T13:29:41","slug":"tuzuk","status":"publish","type":"page","link":"https:\/\/temkad.org\/?page_id=11","title":{"rendered":"T\u00fcz\u00fck"},"content":{"rendered":"\n<div data-wp-interactive=\"core\/file\" class=\"wp-block-file\"><object data-wp-bind--hidden=\"!state.hasPdfPreview\" hidden class=\"wp-block-file__embed\" data=\"http:\/\/temkad.org\/wp-content\/uploads\/2022\/04\/DERNEK-TUZUGU-1.pdf\" type=\"application\/pdf\" style=\"width:100%;height:600px\" aria-label=\"DERNEK-TUZUGU-1 g\u00f6m\u00fcs\u00fc. g\u00f6m\u00fcs\u00fc.\"><\/object><a id=\"wp-block-file--media-03657411-851a-48e6-a102-ca3ffd95fd5e\" href=\"http:\/\/temkad.org\/wp-content\/uploads\/2022\/04\/DERNEK-TUZUGU-1.pdf\">DERNEK-TUZUGU-1<\/a><a href=\"http:\/\/temkad.org\/wp-content\/uploads\/2022\/04\/DERNEK-TUZUGU-1.pdf\" class=\"wp-block-file__button\" download aria-describedby=\"wp-block-file--media-03657411-851a-48e6-a102-ca3ffd95fd5e\">\u0130ndir<\/a><\/div>\n\n\n<!-- wp:themify-builder\/canvas \/-->","protected":false},"excerpt":{"rendered":"","protected":false},"author":1,"featured_media":0,"parent":0,"menu_order":0,"comment_status":"closed","ping_status":"closed","template":"","meta":{"site-sidebar-layout":"default","site-content-layout":"default","ast-main-header-display":"","ast-hfb-above-header-display":"","ast-hfb-below-header-display":"","ast-hfb-mobile-header-display":"","site-post-title":"","ast-breadcrumbs-content":"","ast-featured-img":"","footer-sml-layout":"","theme-transparent-header-meta":"","adv-header-id-meta":"","stick-header-meta":"","header-above-stick-meta":"","header-main-stick-meta":"","header-below-stick-meta":"","footnotes":""},"class_list":["post-11","page","type-page","status-publish","hentry"],"builder_content":"","_links":{"self":[{"href":"https:\/\/temkad.org\/index.php?rest_route=\/wp\/v2\/pages\/11","targetHints":{"allow":["GET"]}}],"collection":[{"href":"https:\/\/temkad.org\/index.php?rest_route=\/wp\/v2\/pages"}],"about":[{"href":"https:\/\/temkad.org\/index.php?rest_route=\/wp\/v2\/types\/page"}],"author":[{"embeddable":true,"href":"https:\/\/temkad.org\/index.php?rest_route=\/wp\/v2\/users\/1"}],"replies":[{"embeddable":true,"href":"https:\/\/temkad.org\/index.php?rest_route=%2Fwp%2Fv2%2Fcomments&post=11"}],"version-history":[{"count":4,"href":"https:\/\/temkad.org\/index.php?rest_route=\/wp\/v2\/pages\/11\/revisions"}],"predecessor-version":[{"id":956,"href":"https:\/\/temkad.org\/index.php?rest_route=\/wp\/v2\/pages\/11\/revisions\/956"}],"wp:attachment":[{"href":"https:\/\/temkad.org\/index.php?rest_route=%2Fwp%2Fv2%2Fmedia&parent=11"}],"curies":[{"name":"wp","href":"https:\/\/api.w.org\/{rel}","templated":true}]}}