{"id":13,"date":"2022-04-19T01:16:31","date_gmt":"2022-04-19T01:16:31","guid":{"rendered":"http:\/\/temkad.org\/?page_id=13"},"modified":"2025-10-09T11:42:41","modified_gmt":"2025-10-09T08:42:41","slug":"denetim-kurulu","status":"publish","type":"page","link":"https:\/\/temkad.org\/?page_id=13","title":{"rendered":"Denetim Kurulu"},"content":{"rendered":"<!-- wp:themify-builder\/canvas \/-->","protected":false},"excerpt":{"rendered":"","protected":false},"author":1,"featured_media":0,"parent":0,"menu_order":0,"comment_status":"closed","ping_status":"closed","template":"","meta":{"site-sidebar-layout":"default","site-content-layout":"default","ast-main-header-display":"","ast-hfb-above-header-display":"","ast-hfb-below-header-display":"","ast-hfb-mobile-header-display":"","site-post-title":"","ast-breadcrumbs-content":"","ast-featured-img":"","footer-sml-layout":"","theme-transparent-header-meta":"","adv-header-id-meta":"","stick-header-meta":"","header-above-stick-meta":"","header-main-stick-meta":"","header-below-stick-meta":"","footnotes":""},"class_list":["post-13","page","type-page","status-publish","hentry"],"builder_content":"<img src=\"https:\/\/temkad.org\/wp-content\/uploads\/2025\/10\/Yrd_Doc_Dr_-Emine-Tugba-ALATAS-150x191.jpeg\" width=\"150\" height=\"191\" title=\"Do\u00e7.Dr. Emine Tu\u011fba Alata\u015f\" alt=\"Ba\u015fkan\" srcset=\"https:\/\/temkad.org\/wp-content\/uploads\/2025\/10\/Yrd_Doc_Dr_-Emine-Tugba-ALATAS-150x191.jpeg 150w, https:\/\/temkad.org\/wp-content\/uploads\/2025\/10\/Yrd_Doc_Dr_-Emine-Tugba-ALATAS-236x300.jpeg 236w, https:\/\/temkad.org\/wp-content\/uploads\/2025\/10\/Yrd_Doc_Dr_-Emine-Tugba-ALATAS.jpeg 486w\" sizes=\"(max-width: 150px) 100vw, 150px\" \/> <h3> Do\u00e7.Dr. Emine Tu\u011fba Alata\u015f <\/h3> Ba\u015fkan\n<img src=\"https:\/\/temkad.org\/wp-content\/uploads\/2025\/10\/Omer-Dogan-Alatas--150x142.jpg\" width=\"150\" height=\"142\" title=\"Do\u00e7. Dr. \u00d6mer Do\u011fan ALATA\u015e\" alt=\"Asil\" srcset=\"https:\/\/temkad.org\/wp-content\/uploads\/2025\/10\/Omer-Dogan-Alatas--150x142.jpg 150w, https:\/\/temkad.org\/wp-content\/uploads\/2025\/10\/Omer-Dogan-Alatas--300x286.jpg 300w, https:\/\/temkad.org\/wp-content\/uploads\/2025\/10\/Omer-Dogan-Alatas-.jpg 589w\" sizes=\"(max-width: 150px) 100vw, 150px\" \/> <h3> Do\u00e7. Dr. \u00d6mer Do\u011fan ALATA\u015e <\/h3> Asil\n<img src=\"https:\/\/temkad.org\/wp-content\/uploads\/2025\/10\/Ekran-Resmi-2022-06-30-00_43_48-150x174.png\" width=\"150\" height=\"174\" title=\"Yakup M\u0131s\u0131ro\u011flu\" alt=\"Asil\" srcset=\"https:\/\/temkad.org\/wp-content\/uploads\/2025\/10\/Ekran-Resmi-2022-06-30-00_43_48-150x174.png 150w, https:\/\/temkad.org\/wp-content\/uploads\/2025\/10\/Ekran-Resmi-2022-06-30-00_43_48.png 213w\" sizes=\"(max-width: 150px) 100vw, 150px\" \/> <h3> Yakup M\u0131s\u0131ro\u011flu <\/h3> Asil\n<img src=\"https:\/\/temkad.org\/wp-content\/uploads\/2025\/10\/bulent-150x181.jpeg\" width=\"150\" height=\"181\" title=\"Prof.Dr. B\u00fclent Huddam\" alt=\"Yedek\" srcset=\"https:\/\/temkad.org\/wp-content\/uploads\/2025\/10\/bulent-150x181.jpeg 150w, https:\/\/temkad.org\/wp-content\/uploads\/2025\/10\/bulent-248x300.jpeg 248w, https:\/\/temkad.org\/wp-content\/uploads\/2025\/10\/bulent.jpeg 400w\" sizes=\"(max-width: 150px) 100vw, 150px\" \/> <h3> Prof.Dr. B\u00fclent Huddam <\/h3> Yedek\n<img src=\"https:\/\/temkad.org\/wp-content\/uploads\/2025\/10\/emine-150x181.jpeg\" width=\"150\" height=\"181\" title=\"Prof.Dr. Emine Figen Tarhan\" alt=\"Yedek\" srcset=\"https:\/\/temkad.org\/wp-content\/uploads\/2025\/10\/emine-150x181.jpeg 150w, https:\/\/temkad.org\/wp-content\/uploads\/2025\/10\/emine-248x300.jpeg 248w, https:\/\/temkad.org\/wp-content\/uploads\/2025\/10\/emine.jpeg 400w\" sizes=\"(max-width: 150px) 100vw, 150px\" \/> <h3> Prof.Dr. Emine Figen Tarhan <\/h3> Yedek\n<img src=\"https:\/\/temkad.org\/wp-content\/uploads\/2022\/05\/Burak-Ozseker-150x181.jpeg\" width=\"150\" height=\"181\" title=\"Prof.Dr. Burak \u00d6z\u015feker\" alt=\"Yedek\" srcset=\"https:\/\/temkad.org\/wp-content\/uploads\/2022\/05\/Burak-Ozseker-150x181.jpeg 150w, https:\/\/temkad.org\/wp-content\/uploads\/2022\/05\/Burak-Ozseker-248x300.jpeg 248w, https:\/\/temkad.org\/wp-content\/uploads\/2022\/05\/Burak-Ozseker.jpeg 331w\" sizes=\"(max-width: 150px) 100vw, 150px\" \/> <h3> Prof.Dr. Burak \u00d6z\u015feker <\/h3> Yedek","_links":{"self":[{"href":"https:\/\/temkad.org\/index.php?rest_route=\/wp\/v2\/pages\/13","targetHints":{"allow":["GET"]}}],"collection":[{"href":"https:\/\/temkad.org\/index.php?rest_route=\/wp\/v2\/pages"}],"about":[{"href":"https:\/\/temkad.org\/index.php?rest_route=\/wp\/v2\/types\/page"}],"author":[{"embeddable":true,"href":"https:\/\/temkad.org\/index.php?rest_route=\/wp\/v2\/users\/1"}],"replies":[{"embeddable":true,"href":"https:\/\/temkad.org\/index.php?rest_route=%2Fwp%2Fv2%2Fcomments&post=13"}],"version-history":[{"count":11,"href":"https:\/\/temkad.org\/index.php?rest_route=\/wp\/v2\/pages\/13\/revisions"}],"predecessor-version":[{"id":2368,"href":"https:\/\/temkad.org\/index.php?rest_route=\/wp\/v2\/pages\/13\/revisions\/2368"}],"wp:attachment":[{"href":"https:\/\/temkad.org\/index.php?rest_route=%2Fwp%2Fv2%2Fmedia&parent=13"}],"curies":[{"name":"wp","href":"https:\/\/api.w.org\/{rel}","templated":true}]}}