{"id":14,"date":"2022-04-19T01:16:31","date_gmt":"2022-04-19T01:16:31","guid":{"rendered":"http:\/\/temkad.org\/?page_id=14"},"modified":"2022-04-20T13:33:34","modified_gmt":"2022-04-20T13:33:34","slug":"uyelik","status":"publish","type":"page","link":"https:\/\/temkad.org\/?page_id=14","title":{"rendered":"\u00dcyelik"},"content":{"rendered":"<!-- wp:themify-builder\/canvas \/-->","protected":false},"excerpt":{"rendered":"","protected":false},"author":1,"featured_media":0,"parent":0,"menu_order":0,"comment_status":"closed","ping_status":"closed","template":"","meta":{"site-sidebar-layout":"default","site-content-layout":"default","ast-main-header-display":"","ast-hfb-above-header-display":"","ast-hfb-below-header-display":"","ast-hfb-mobile-header-display":"","site-post-title":"","ast-breadcrumbs-content":"","ast-featured-img":"","footer-sml-layout":"","theme-transparent-header-meta":"","adv-header-id-meta":"","stick-header-meta":"","header-above-stick-meta":"","header-main-stick-meta":"","header-below-stick-meta":"","footnotes":""},"class_list":["post-14","page","type-page","status-publish","hentry"],"builder_content":"<h1>\u00dcYEL\u0130K<\/h1>\n<p>Medeni haklar\u0131 kullanma ehliyetine sahip bulunan, 18 ya\u015f\u0131n\u0131 doldurmu\u015f ve derne\u011fin ama\u00e7 ve ilkelerini benimseyerek bu do\u011frultuda \u00e7al\u0131\u015fmay\u0131 kabul eden ve mevzuat\u0131n \u00f6ng\u00f6rd\u00fc\u011f\u00fc ko\u015fullar\u0131n\u0131 ta\u015f\u0131yan her ger\u00e7ek ve t\u00fczel ki\u015fi bu derne\u011fe \u00fcye olma hakk\u0131na sahiptir.<\/p>\n<a href=\"http:\/\/temkad.org\/wp-content\/uploads\/2022\/04\/UYE-BASVURU-FORMU.docx\" > \u00dcyelik Formu <\/a>","_links":{"self":[{"href":"https:\/\/temkad.org\/index.php?rest_route=\/wp\/v2\/pages\/14","targetHints":{"allow":["GET"]}}],"collection":[{"href":"https:\/\/temkad.org\/index.php?rest_route=\/wp\/v2\/pages"}],"about":[{"href":"https:\/\/temkad.org\/index.php?rest_route=\/wp\/v2\/types\/page"}],"author":[{"embeddable":true,"href":"https:\/\/temkad.org\/index.php?rest_route=\/wp\/v2\/users\/1"}],"replies":[{"embeddable":true,"href":"https:\/\/temkad.org\/index.php?rest_route=%2Fwp%2Fv2%2Fcomments&post=14"}],"version-history":[{"count":6,"href":"https:\/\/temkad.org\/index.php?rest_route=\/wp\/v2\/pages\/14\/revisions"}],"predecessor-version":[{"id":962,"href":"https:\/\/temkad.org\/index.php?rest_route=\/wp\/v2\/pages\/14\/revisions\/962"}],"wp:attachment":[{"href":"https:\/\/temkad.org\/index.php?rest_route=%2Fwp%2Fv2%2Fmedia&parent=14"}],"curies":[{"name":"wp","href":"https:\/\/api.w.org\/{rel}","templated":true}]}}