{"id":2170,"date":"2025-02-05T11:00:53","date_gmt":"2025-02-05T08:00:53","guid":{"rendered":"https:\/\/temkad.org\/?page_id=2170"},"modified":"2025-02-05T11:04:45","modified_gmt":"2025-02-05T08:04:45","slug":"yeni-ana-sayfa-3","status":"publish","type":"page","link":"https:\/\/temkad.org\/?page_id=2170","title":{"rendered":"Anasayfa Copy"},"content":{"rendered":"<!-- wp:themify-builder\/canvas \/-->","protected":false},"excerpt":{"rendered":"","protected":false},"author":1,"featured_media":0,"parent":0,"menu_order":0,"comment_status":"closed","ping_status":"closed","template":"","meta":{"site-sidebar-layout":"default","site-content-layout":"default","ast-main-header-display":"","ast-hfb-above-header-display":"","ast-hfb-below-header-display":"","ast-hfb-mobile-header-display":"","site-post-title":"","ast-breadcrumbs-content":"","ast-featured-img":"","footer-sml-layout":"","theme-transparent-header-meta":"","adv-header-id-meta":"","stick-header-meta":"","header-above-stick-meta":"","header-main-stick-meta":"","header-below-stick-meta":"","footnotes":""},"class_list":["post-2170","page","type-page","status-publish","hentry"],"builder_content":"<h1 style=\"text-align: center;\">\u00a0Yakla\u015fan Etkinlikler<\/h1>\n<h2 style=\"text-align: right;\">\u00a0\u00a0<\/h2> <h2 style=\"text-align: right;\">1 \u015eubat 2025 \u00a0- A'dan Z'ye Romatolojik Hastal\u0131klarda JAK \u0130nhibit\u00f6rleri<\/h2> <h2 style=\"text-align: right;\">21 - 23 \u015eubat 2025 - III. Mu\u011fla Hematoloji Sempozyumu\u00a0<\/h2> <h2 style=\"text-align: right;\">28 Ocak 2025 - \u0130\u00e7 Hastal\u0131klar\u0131 Prati\u011finde Koloni Stim\u00fcle Edici Fakt\u00f6rler<\/h2> <h2 style=\"text-align: right;\">12 Nisan 2025 - Dermatolojik Hastal\u0131klara Yakla\u015f\u0131m<\/h2> <h2 style=\"text-align: right;\">25-27 Nisan 2025 - 13. \u0130zmir Hematoloji Sempozyumu<\/h2>\n<img src=\"http:\/\/temkad.org\/wp-content\/uploads\/2024\/01\/derma.jpg\" width=\"1131\" height=\"500\" title=\"Anasayfa Copy\" alt=\"Anasayfa Copy\">\n\n<h3>Caria Journal of Health and Science<br\/>CJHS<\/h3>\n\n<p>Mu\u011fla Temel ve Klinik Ara\u015ft\u0131rmalar Derne\u011fi<\/p>\n\n<em style=\"background-color:#000;color:#eee\" ><svg aria-hidden=\"true\"><use href=\"#tf-ti-location-pin\"><\/use><\/svg><\/em> BALIBEY \u00a0MAH. KUSULAR SOK. NO:4\/1 Mente\u015fe MU\u011eLA <em ><svg aria-hidden=\"true\"><use href=\"#tf-ti-email\"><\/use><\/svg><\/em> bilgi@temkad.org <em style=\"background-color:#000;color:#eee\" ><svg aria-hidden=\"true\"><use href=\"#tf-ti-mobile\"><\/use><\/svg><\/em> (553) 943 03 48\n<p>Bizi Takip Edin<\/p>\n<a href=\"https:\/\/www.facebook.com\/themify\"> <em ><svg aria-hidden=\"true\"><use href=\"#tf-ti-facebook\"><\/use><\/svg><\/em> <\/a> <a href=\"https:\/\/twitter.com\/temkadorg\"> <em ><svg aria-hidden=\"true\"><use href=\"#tf-ti-twitter\"><\/use><\/svg><\/em> <\/a> <a href=\"https:\/\/www.instagram.com\/temkadorg\/\"> <em ><svg aria-hidden=\"true\"><use href=\"#tf-ti-instagram\"><\/use><\/svg><\/em> <\/a> <a href=\"https:\/\/www.youtube.com\/channel\/UCu4125nJw3hcAZY0u6nxR1g\"> <em ><svg aria-hidden=\"true\"><use href=\"#tf-ti-youtube\"><\/use><\/svg><\/em> <\/a>","_links":{"self":[{"href":"https:\/\/temkad.org\/index.php?rest_route=\/wp\/v2\/pages\/2170","targetHints":{"allow":["GET"]}}],"collection":[{"href":"https:\/\/temkad.org\/index.php?rest_route=\/wp\/v2\/pages"}],"about":[{"href":"https:\/\/temkad.org\/index.php?rest_route=\/wp\/v2\/types\/page"}],"author":[{"embeddable":true,"href":"https:\/\/temkad.org\/index.php?rest_route=\/wp\/v2\/users\/1"}],"replies":[{"embeddable":true,"href":"https:\/\/temkad.org\/index.php?rest_route=%2Fwp%2Fv2%2Fcomments&post=2170"}],"version-history":[{"count":5,"href":"https:\/\/temkad.org\/index.php?rest_route=\/wp\/v2\/pages\/2170\/revisions"}],"predecessor-version":[{"id":2175,"href":"https:\/\/temkad.org\/index.php?rest_route=\/wp\/v2\/pages\/2170\/revisions\/2175"}],"wp:attachment":[{"href":"https:\/\/temkad.org\/index.php?rest_route=%2Fwp%2Fv2%2Fmedia&parent=2170"}],"curies":[{"name":"wp","href":"https:\/\/api.w.org\/{rel}","templated":true}]}}