{"id":39,"date":"2022-04-19T01:19:58","date_gmt":"2022-04-19T01:19:58","guid":{"rendered":"http:\/\/temkad.org\/?page_id=39"},"modified":"2022-04-20T00:21:51","modified_gmt":"2022-04-20T00:21:51","slug":"acilis","status":"publish","type":"page","link":"https:\/\/temkad.org\/?page_id=39","title":{"rendered":"A\u00e7\u0131l\u0131\u015f"},"content":{"rendered":"\n<div class=\"wp-block-media-text alignwide has-media-on-the-right is-stacked-on-mobile is-vertically-aligned-center has-background\" style=\"background-color:#f1f5c7;grid-template-columns:auto 60%\"><figure class=\"wp-block-media-text__media\"><img loading=\"lazy\" decoding=\"async\" width=\"1024\" height=\"364\" src=\"http:\/\/temkad.org\/wp-content\/uploads\/2022\/04\/Trabajo-laboratorio-clinico.jpg-1024x364.webp\" alt=\"\" class=\"wp-image-52 size-full\" srcset=\"https:\/\/temkad.org\/wp-content\/uploads\/2022\/04\/Trabajo-laboratorio-clinico.jpg-1024x364.webp 1024w, https:\/\/temkad.org\/wp-content\/uploads\/2022\/04\/Trabajo-laboratorio-clinico.jpg-300x107.webp 300w, https:\/\/temkad.org\/wp-content\/uploads\/2022\/04\/Trabajo-laboratorio-clinico.jpg-768x273.webp 768w, https:\/\/temkad.org\/wp-content\/uploads\/2022\/04\/Trabajo-laboratorio-clinico.jpg-1536x546.webp 1536w, https:\/\/temkad.org\/wp-content\/uploads\/2022\/04\/Trabajo-laboratorio-clinico.jpg.webp 1800w\" sizes=\"auto, (max-width: 1024px) 100vw, 1024px\" \/><\/figure><div class=\"wp-block-media-text__content\">\n<div class=\"wp-block-group is-layout-constrained wp-container-core-group-is-layout-f04fe25e wp-block-group-is-layout-constrained\" style=\"padding-top:2em;padding-right:2em;padding-bottom:2em;padding-left:2em\"><div class=\"wp-block-group__inner-container\">\n<p style=\"font-size:36px;line-height:1.2\"><strong>E\u011fitim, ara\u015ft\u0131rma, ileti\u015fim&#8230;<\/strong><\/p>\n\n\n\n<p style=\"font-style:normal;font-weight:100\">\u2013 Mu\u011fla Temel ve Klinik Ara\u015ft\u0131rmalar Derne\u011fi<\/p>\n<\/div><\/div>\n<\/div><\/div>\n\n\n\n<div style=\"height:30px\" aria-hidden=\"true\" class=\"wp-block-spacer\"><\/div>\n\n\n\n<div class=\"wp-block-columns is-layout-flex wp-container-core-columns-is-layout-9d6595d7 wp-block-columns-is-layout-flex\">\n<div class=\"wp-block-column is-layout-flow wp-block-column-is-layout-flow\" style=\"flex-basis:1200px\">\n<div class=\"wp-block-columns is-layout-flex wp-container-core-columns-is-layout-9d6595d7 wp-block-columns-is-layout-flex\">\n<div class=\"wp-block-column is-layout-flow wp-block-column-is-layout-flow\" style=\"flex-basis:66.66%\">\n<div class=\"wp-block-soliloquy-soliloquywp\"><div aria-live=\"polite\" id=\"soliloquy-container-49_1\" class=\"soliloquy-container soliloquy-transition-fade  soliloquy-theme-base\" style=\"max-width:800px;max-height:800px;\"><ul id=\"soliloquy-49_1\" class=\"soliloquy-slider soliloquy-slides soliloquy-wrap soliloquy-clear\"><li aria-hidden=\"true\" class=\"soliloquy-item soliloquy-item-1 soliloquy-image-slide\" draggable=\"false\" style=\"list-style:none\"><img decoding=\"async\" id=\"soliloquy-image-87\" class=\"soliloquy-image soliloquy-image-1\" src=\"https:\/\/temkad.org\/wp-content\/uploads\/2022\/04\/duyuru-2-800x800_c.png\" alt=\"duyuru\" \/><\/li><li aria-hidden=\"true\" class=\"soliloquy-item soliloquy-item-2 soliloquy-image-slide\" draggable=\"false\" style=\"list-style:none\"><a href=\"https:\/\/temkad.deventdigital.com\/\" class=\"soliloquy-link\" title=\"1 figen\" target=\"_blank\"><img decoding=\"async\" id=\"soliloquy-image-50\" class=\"soliloquy-image soliloquy-image-2\" src=\"https:\/\/temkad.org\/wp-content\/uploads\/2022\/04\/1-figen-800x800_c.jpeg\" alt=\"1 figen\" \/><\/a><div class=\"soliloquy-caption\"><div class=\"soliloquy-caption-inside\"><strong>Kime, Ne Zaman, Nas\u0131l?\nEmine Figen TARHAN\n20 May\u0131s 2022 19.00<\/strong><strong><\/div><\/div><\/li><li aria-hidden=\"true\" class=\"soliloquy-item soliloquy-item-3 soliloquy-image-slide\" draggable=\"false\" style=\"list-style:none\"><img decoding=\"async\" id=\"soliloquy-image-66\" class=\"soliloquy-image soliloquy-image-3\" src=\"https:\/\/temkad.org\/wp-content\/uploads\/2022\/04\/gokhan-toplanti1-1-800x800_c.png\" alt=\"g\u00f6khan toplant\u01311\" \/><\/li><li aria-hidden=\"true\" class=\"soliloquy-item soliloquy-item-4 soliloquy-image-slide\" draggable=\"false\" style=\"list-style:none\"><img decoding=\"async\" id=\"soliloquy-image-68\" class=\"soliloquy-image soliloquy-image-4\" src=\"https:\/\/temkad.org\/wp-content\/uploads\/2022\/04\/ichastaliklarigunleri-800x800_c.jpeg\" alt=\"ichastaliklarigunleri\" \/><\/li><\/ul><\/div><noscript><style type=\"text\/css\">#soliloquy-container-49_1{opacity:1}<\/style><\/noscript><\/div>\n<\/div>\n\n\n\n<div class=\"wp-block-column is-layout-flow wp-block-column-is-layout-flow\" style=\"flex-basis:50px\"><\/div>\n\n\n\n<div class=\"wp-block-column is-layout-flow wp-block-column-is-layout-flow\" style=\"flex-basis:33.33%\">\n<figure class=\"wp-block-image size-full is-resized\"><img loading=\"lazy\" decoding=\"async\" src=\"http:\/\/temkad.org\/wp-content\/uploads\/2022\/04\/popup1-1.jpeg\" alt=\"\" class=\"wp-image-54\" width=\"300\" height=\"418\"\/><\/figure>\n\n\n\n<div style=\"height:30px\" aria-hidden=\"true\" class=\"wp-block-spacer\"><\/div>\n\n\n\n<figure class=\"wp-block-image size-full\"><img loading=\"lazy\" decoding=\"async\" width=\"300\" height=\"80\" src=\"http:\/\/temkad.org\/wp-content\/uploads\/2022\/04\/dergi-3.png\" alt=\"\" class=\"wp-image-55\"\/><\/figure>\n<\/div>\n<\/div>\n<\/div>\n<\/div>\n\n\n\n<div style=\"height:30px\" aria-hidden=\"true\" class=\"wp-block-spacer\"><\/div>\n\n\n\n<div style=\"height:30px\" aria-hidden=\"true\" class=\"wp-block-spacer\"><\/div>\n\n\n\n<figure class=\"wp-block-image size-full\"><img loading=\"lazy\" decoding=\"async\" width=\"788\" height=\"373\" src=\"http:\/\/temkad.org\/wp-content\/uploads\/2022\/04\/duyuru-1.png\" alt=\"\" class=\"wp-image-85\" srcset=\"https:\/\/temkad.org\/wp-content\/uploads\/2022\/04\/duyuru-1.png 788w, https:\/\/temkad.org\/wp-content\/uploads\/2022\/04\/duyuru-1-300x142.png 300w, https:\/\/temkad.org\/wp-content\/uploads\/2022\/04\/duyuru-1-768x364.png 768w\" sizes=\"auto, (max-width: 788px) 100vw, 788px\" \/><\/figure>\n\n\n<!-- wp:themify-builder\/canvas \/-->","protected":false},"excerpt":{"rendered":"","protected":false},"author":1,"featured_media":0,"parent":0,"menu_order":0,"comment_status":"closed","ping_status":"closed","template":"","meta":{"site-sidebar-layout":"default","site-content-layout":"default","ast-main-header-display":"","ast-hfb-above-header-display":"","ast-hfb-below-header-display":"","ast-hfb-mobile-header-display":"","site-post-title":"","ast-breadcrumbs-content":"","ast-featured-img":"","footer-sml-layout":"","theme-transparent-header-meta":"","adv-header-id-meta":"","stick-header-meta":"","header-above-stick-meta":"","header-main-stick-meta":"","header-below-stick-meta":"","footnotes":""},"class_list":["post-39","page","type-page","status-publish","hentry"],"builder_content":"","_links":{"self":[{"href":"https:\/\/temkad.org\/index.php?rest_route=\/wp\/v2\/pages\/39","targetHints":{"allow":["GET"]}}],"collection":[{"href":"https:\/\/temkad.org\/index.php?rest_route=\/wp\/v2\/pages"}],"about":[{"href":"https:\/\/temkad.org\/index.php?rest_route=\/wp\/v2\/types\/page"}],"author":[{"embeddable":true,"href":"https:\/\/temkad.org\/index.php?rest_route=\/wp\/v2\/users\/1"}],"replies":[{"embeddable":true,"href":"https:\/\/temkad.org\/index.php?rest_route=%2Fwp%2Fv2%2Fcomments&post=39"}],"version-history":[{"count":19,"href":"https:\/\/temkad.org\/index.php?rest_route=\/wp\/v2\/pages\/39\/revisions"}],"predecessor-version":[{"id":925,"href":"https:\/\/temkad.org\/index.php?rest_route=\/wp\/v2\/pages\/39\/revisions\/925"}],"wp:attachment":[{"href":"https:\/\/temkad.org\/index.php?rest_route=%2Fwp%2Fv2%2Fmedia&parent=39"}],"curies":[{"name":"wp","href":"https:\/\/api.w.org\/{rel}","templated":true}]}}