{"id":6,"date":"2022-04-19T01:16:30","date_gmt":"2022-04-19T01:16:30","guid":{"rendered":"http:\/\/temkad.org\/?page_id=6"},"modified":"2022-04-20T13:26:26","modified_gmt":"2022-04-20T13:26:26","slug":"iletisim","status":"publish","type":"page","link":"https:\/\/temkad.org\/?page_id=6","title":{"rendered":"\u0130leti\u015fim"},"content":{"rendered":"<!-- wp:themify-builder\/canvas \/-->\n\n\t\t<div\n            id=\"wpmapblock_da7defe5\"\n            data-settings='{&quot;map_marker&quot;:[{&quot;lat&quot;:&quot;37.219652592928675&quot;,&quot;lng&quot;:&quot;28.37122566181772&quot;,&quot;title&quot;:&quot;Mu\\u011fla Temel ve Klinik Ara\\u015ft\\u0131rmalar Derne\\u011fi&quot;,&quot;content&quot;:&quot;&quot;,&quot;iconType&quot;:&quot;default&quot;,&quot;customIconUrl&quot;:&quot;&quot;,&quot;customIconWidth&quot;:&quot;25&quot;,&quot;customIconHeight&quot;:&quot;40&quot;}],&quot;map_zoom&quot;:&quot;15&quot;,&quot;scroll_wheel_zoom&quot;:&quot;1&quot;,&quot;map_type&quot;:&quot;GM&quot;,&quot;center_index&quot;:0}'\n            class=\"wpmapblockrender\"\n            style=\"\n\t\t\twidth: 100%;\n\t\t\theight: 500px;\n\t\t\"\n            >\n        <\/div>\n        ","protected":false},"excerpt":{"rendered":"","protected":false},"author":1,"featured_media":0,"parent":0,"menu_order":0,"comment_status":"closed","ping_status":"closed","template":"","meta":{"site-sidebar-layout":"default","site-content-layout":"default","ast-main-header-display":"","ast-hfb-above-header-display":"","ast-hfb-below-header-display":"","ast-hfb-mobile-header-display":"","site-post-title":"","ast-breadcrumbs-content":"","ast-featured-img":"","footer-sml-layout":"","theme-transparent-header-meta":"","adv-header-id-meta":"","stick-header-meta":"","header-above-stick-meta":"","header-main-stick-meta":"","header-below-stick-meta":"","footnotes":""},"class_list":["post-6","page","type-page","status-publish","hentry"],"builder_content":"<h2>\u0130leti\u015fim<\/h2>\n<p>G\u00f6r\u00fc\u015fleriniz bizim i\u00e7in \u00f6nemlidir. \u0130ster basit bir soru, ister de\u011ferli bir \u00f6neri olsun, 7\/24 buraday\u0131z. Bizi telefonla arayabilir veya do\u011frudan bize e-posta g\u00f6nderebilirsiniz.<\/p>\n<h4>Bilgi<\/h4>\n\n<em style=\"background-color:#4d7de1;color:#edf3ff\" ><svg xmlns:xlink=\"http:\/\/www.w3.org\/1999\/xlink\" aria-hidden=\"true\"><use href=\"#tf-fas-phone\" xlink:href=\"#tf-fas-phone\"><\/use><\/svg><\/em> (553) 943 03 48 <em style=\"background-color:#4d7de1;color:#edf3ff\" ><svg xmlns:xlink=\"http:\/\/www.w3.org\/1999\/xlink\" aria-hidden=\"true\"><use href=\"#tf-far-envelope\" xlink:href=\"#tf-far-envelope\"><\/use><\/svg><\/em> bilgi@temkad.org\n<h4>Adres<\/h4>\n\n<h5 style=\"text-align: right;\">Orta Mahalle Karamu\u011fla Caddesi No:45\/A Mente\u015fe MU\u011eLA<\/h5>\n<a href=\"#\" data-type=\"facebook\"> <em><svg aria-label=\"Facebook\" xmlns:xlink=\"http:\/\/www.w3.org\/1999\/xlink\" role=\"img\"><use href=\"#tf-ti-facebook\" xlink:href=\"#tf-ti-facebook\"><\/use><\/svg><\/em> <\/a> <a href=\"#\" data-type=\"twitter\"> <em><svg aria-label=\"Twitter\" xmlns:xlink=\"http:\/\/www.w3.org\/1999\/xlink\" role=\"img\"><use href=\"#tf-fab-x-twitter\" xlink:href=\"#tf-fab-x-twitter\"><\/use><\/svg><\/em> <\/a> <a href=\"#\" data-type=\"pinterest\"> <em><svg aria-label=\"Pinterest\" xmlns:xlink=\"http:\/\/www.w3.org\/1999\/xlink\" role=\"img\"><use href=\"#tf-ti-pinterest\" xlink:href=\"#tf-ti-pinterest\"><\/use><\/svg><\/em> <\/a> <a href=\"#\" data-type=\"email\"> <em><svg aria-label=\"Email\" xmlns:xlink=\"http:\/\/www.w3.org\/1999\/xlink\" role=\"img\"><use href=\"#tf-ti-email\" xlink:href=\"#tf-ti-email\"><\/use><\/svg><\/em> <\/a>","_links":{"self":[{"href":"https:\/\/temkad.org\/index.php?rest_route=\/wp\/v2\/pages\/6","targetHints":{"allow":["GET"]}}],"collection":[{"href":"https:\/\/temkad.org\/index.php?rest_route=\/wp\/v2\/pages"}],"about":[{"href":"https:\/\/temkad.org\/index.php?rest_route=\/wp\/v2\/types\/page"}],"author":[{"embeddable":true,"href":"https:\/\/temkad.org\/index.php?rest_route=\/wp\/v2\/users\/1"}],"replies":[{"embeddable":true,"href":"https:\/\/temkad.org\/index.php?rest_route=%2Fwp%2Fv2%2Fcomments&post=6"}],"version-history":[{"count":6,"href":"https:\/\/temkad.org\/index.php?rest_route=\/wp\/v2\/pages\/6\/revisions"}],"predecessor-version":[{"id":951,"href":"https:\/\/temkad.org\/index.php?rest_route=\/wp\/v2\/pages\/6\/revisions\/951"}],"wp:attachment":[{"href":"https:\/\/temkad.org\/index.php?rest_route=%2Fwp%2Fv2%2Fmedia&parent=6"}],"curies":[{"name":"wp","href":"https:\/\/api.w.org\/{rel}","templated":true}]}}