{"id":8,"date":"2022-04-19T01:16:30","date_gmt":"2022-04-19T01:16:30","guid":{"rendered":"http:\/\/temkad.org\/?page_id=8"},"modified":"2022-04-20T13:39:12","modified_gmt":"2022-04-20T13:39:12","slug":"kurulus-amaci","status":"publish","type":"page","link":"https:\/\/temkad.org\/?page_id=8","title":{"rendered":"Kurulu\u015f Amac\u0131"},"content":{"rendered":"<!-- wp:themify-builder\/canvas \/-->","protected":false},"excerpt":{"rendered":"","protected":false},"author":1,"featured_media":0,"parent":0,"menu_order":0,"comment_status":"closed","ping_status":"closed","template":"","meta":{"site-sidebar-layout":"default","site-content-layout":"default","ast-main-header-display":"","ast-hfb-above-header-display":"","ast-hfb-below-header-display":"","ast-hfb-mobile-header-display":"","site-post-title":"","ast-breadcrumbs-content":"","ast-featured-img":"","footer-sml-layout":"","theme-transparent-header-meta":"","adv-header-id-meta":"","stick-header-meta":"","header-above-stick-meta":"","header-main-stick-meta":"","header-below-stick-meta":"","footnotes":""},"class_list":["post-8","page","type-page","status-publish","hentry"],"builder_content":"<h1>Kurulu\u015f Amac\u0131<\/h1>\n<p><strong>Genel sa\u011fl\u0131\u011f\u0131 ilgilendiren konularda her\u00a0 t\u00fcrl\u00fc e\u011fitim ve ara\u015ft\u0131rma faaliyetlerinde bulunmak, genel sa\u011fl\u0131k alan\u0131nda e\u011fitime katk\u0131 sa\u011flamak, e\u011fitimi yayg\u0131nla\u015ft\u0131rmak, kolayla\u015ft\u0131rmak, bilgi \u00fcretmek, yaymak, e\u011fitimde rol\u00fc olan ki\u015filerin bilimsel ara\u015ft\u0131rmalar\u0131na ve ki\u015fisel geli\u015fimine destek olmak, ulusal ve uluslararas\u0131 sivil toplum \u00f6rg\u00fctleri ve kurulu\u015flarla i\u015fbirli\u011fi yapmak ve ortak projeler y\u00fcr\u00fctmek, ilgili t\u0131bbi bilim dallar\u0131 aras\u0131nda bilgi ileti\u015fimini sa\u011flamak, ilgili alanlarda hastal\u0131klarla m\u00fccadele i\u00e7in kaynak olu\u015fturmak, halk, hekim ve sa\u011fl\u0131k personeli e\u011fitiminde g\u00f6revleri y\u00fcklenmek ve hastalar\u0131n genel sa\u011fl\u0131k hizmetlerinden yararlanabilme ve ula\u015fabilmelerini sa\u011flamak amac\u0131 ile kurulmu\u015ftur.<\/strong><\/p>","_links":{"self":[{"href":"https:\/\/temkad.org\/index.php?rest_route=\/wp\/v2\/pages\/8","targetHints":{"allow":["GET"]}}],"collection":[{"href":"https:\/\/temkad.org\/index.php?rest_route=\/wp\/v2\/pages"}],"about":[{"href":"https:\/\/temkad.org\/index.php?rest_route=\/wp\/v2\/types\/page"}],"author":[{"embeddable":true,"href":"https:\/\/temkad.org\/index.php?rest_route=\/wp\/v2\/users\/1"}],"replies":[{"embeddable":true,"href":"https:\/\/temkad.org\/index.php?rest_route=%2Fwp%2Fv2%2Fcomments&post=8"}],"version-history":[{"count":7,"href":"https:\/\/temkad.org\/index.php?rest_route=\/wp\/v2\/pages\/8\/revisions"}],"predecessor-version":[{"id":964,"href":"https:\/\/temkad.org\/index.php?rest_route=\/wp\/v2\/pages\/8\/revisions\/964"}],"wp:attachment":[{"href":"https:\/\/temkad.org\/index.php?rest_route=%2Fwp%2Fv2%2Fmedia&parent=8"}],"curies":[{"name":"wp","href":"https:\/\/api.w.org\/{rel}","templated":true}]}}