{"id":854,"date":"2022-04-19T20:27:54","date_gmt":"2022-04-19T20:27:54","guid":{"rendered":"http:\/\/temkad.org\/?page_id=854"},"modified":"2022-04-19T20:51:00","modified_gmt":"2022-04-19T20:51:00","slug":"yeni-ana-sayfa-2","status":"publish","type":"page","link":"https:\/\/temkad.org\/?page_id=854","title":{"rendered":"Yeni Ana Sayfa Copy"},"content":{"rendered":"<p><!--themify_builder_static--><\/p>\n<h1>Duyuru<br \/>Y\u00f6netim kurulumuzun alm\u0131\u015f oldu\u011fu 08\/04\/2022 tarih ve 2 say\u0131l\u0131 karara istinaden \u0130lk Ola\u011fan Genel Kurul Toplant\u0131s\u0131 24\/04\/2022 g\u00fcn\u00fc saat : 16.00\u2019da dernek merkezinde yap\u0131lacakt\u0131r.<\/h1>\n<p style=\"text-align: center;\"><strong>E\u011fitim<\/strong><\/p>\n<h4 style=\"text-align: center;\"><strong>Tedavi : Kime, Ne Zaman, Nas\u0131l?<\/strong><\/h4>\n<h4 style=\"text-align: center;\"><strong>20 May\u0131s 2022<\/strong><\/h4>\n<h4 style=\"text-align: center;\"><strong>Cuma 19.00<\/strong><\/h4>\n<p><a href=\"https:\/\/temkad.deventdigital.com\" target=\"_blank\" rel=\"noopener\"><br \/>\n Kat\u0131l\u0131m<br \/>\n <\/a><\/p>\n<p style=\"text-align: center;\"><strong>E\u011fitim<\/strong><\/p>\n<h4 style=\"text-align: center;\"><strong>Hematolojik Hastal\u0131klar\u0131 H\u00fccresel D\u00fczeyde Tan\u0131ma<br \/> Mikroskop E\u011fitimi<\/strong><\/h4>\n<h4 style=\"text-align: center;\"><strong>21 May\u0131s 2022<\/strong><\/h4>\n<h4 style=\"text-align: center;\"><strong>Cumartesi 11.00<\/strong><\/h4>\n<p style=\"text-align: center;\"><strong>Mu\u011fla \u0130\u00e7 Hastal\u0131klar\u0131 G\u00fcnleri<\/strong><\/p>\n<h4 style=\"text-align: center;\"><strong>9-12 Haziran 2022<\/strong><\/h4>\n<h4 style=\"text-align: center;\"><strong>Sar\u0131germe \/ MU\u011eLA<\/strong><\/h4>\n<p><a href=\"https:\/\/ichastaliklari2022.org\" target=\"_blank\" rel=\"noopener\"><br \/>\n Detayl\u0131 Bilgi<br \/>\n <\/a><!--\/themify_builder_static--><\/p>\n","protected":false},"excerpt":{"rendered":"<p>DuyuruY\u00f6netim kurulumuzun alm\u0131\u015f oldu\u011fu 08\/04\/2022 tarih ve 2 say\u0131l\u0131 karara istinaden \u0130lk Ola\u011fan Genel Kurul Toplant\u0131s\u0131 24\/04\/2022 g\u00fcn\u00fc saat : 16.00\u2019da dernek merkezinde yap\u0131lacakt\u0131r. E\u011fitim Tedavi : Kime, Ne Zaman, Nas\u0131l? 20 May\u0131s 2022 Cuma 19.00 Kat\u0131l\u0131m E\u011fitim Hematolojik Hastal\u0131klar\u0131 H\u00fccresel D\u00fczeyde Tan\u0131ma Mikroskop E\u011fitimi 21 May\u0131s 2022 Cumartesi 11.00 Mu\u011fla \u0130\u00e7 Hastal\u0131klar\u0131 G\u00fcnleri 9-12 &hellip;<\/p>\n<p class=\"read-more\"> <a class=\"\" href=\"https:\/\/temkad.org\/?page_id=854\"> <span class=\"screen-reader-text\">Yeni Ana Sayfa Copy<\/span> Devam\u0131 &raquo;<\/a><\/p>\n","protected":false},"author":1,"featured_media":0,"parent":0,"menu_order":0,"comment_status":"closed","ping_status":"closed","template":"","meta":{"site-sidebar-layout":"default","site-content-layout":"default","ast-main-header-display":"","ast-hfb-above-header-display":"","ast-hfb-below-header-display":"","ast-hfb-mobile-header-display":"","site-post-title":"","ast-breadcrumbs-content":"","ast-featured-img":"","footer-sml-layout":"","theme-transparent-header-meta":"","adv-header-id-meta":"","stick-header-meta":"","header-above-stick-meta":"","header-main-stick-meta":"","header-below-stick-meta":"","footnotes":""},"class_list":["post-854","page","type-page","status-publish","hentry"],"builder_content":"<h1>Duyuru<br\/>Y\u00f6netim kurulumuzun alm\u0131\u015f oldu\u011fu 08\/04\/2022 tarih ve 2 say\u0131l\u0131 karara istinaden \u0130lk Ola\u011fan Genel Kurul Toplant\u0131s\u0131 24\/04\/2022 g\u00fcn\u00fc saat : 16.00\u2019da dernek merkezinde yap\u0131lacakt\u0131r.<\/h1>\n<p style=\"text-align: center\"><strong>E\u011fitim<\/strong><\/p> <h4 style=\"text-align: center\"><strong>Tedavi : Kime, Ne Zaman, Nas\u0131l?<\/strong><\/h4> <h4 style=\"text-align: center\"><strong>20 May\u0131s 2022<\/strong><\/h4> <h4 style=\"text-align: center\"><strong>Cuma 19.00<\/strong><\/h4>\n<a href=\"https:\/\/temkad.deventdigital.com\" target=\"_blank\" rel=\"noopener\"> Kat\u0131l\u0131m <\/a>\n<p style=\"text-align: center\"><strong>E\u011fitim<\/strong><\/p> <h4 style=\"text-align: center\"><strong>Hematolojik Hastal\u0131klar\u0131 H\u00fccresel D\u00fczeyde Tan\u0131ma<br \/> Mikroskop E\u011fitimi<\/strong><\/h4> <h4 style=\"text-align: center\"><strong>21 May\u0131s 2022<\/strong><\/h4> <h4 style=\"text-align: center\"><strong>Cumartesi 11.00<\/strong><\/h4>\n<p style=\"text-align: center\"><strong>Mu\u011fla \u0130\u00e7 Hastal\u0131klar\u0131 G\u00fcnleri<\/strong><\/p> <h4 style=\"text-align: center\"><strong>9-12 Haziran 2022<\/strong><\/h4> <h4 style=\"text-align: center\"><strong>Sar\u0131germe \/ MU\u011eLA<\/strong><\/h4>\n<a href=\"https:\/\/ichastaliklari2022.org\" target=\"_blank\" rel=\"noopener\"> Detayl\u0131 Bilgi <\/a>","_links":{"self":[{"href":"https:\/\/temkad.org\/index.php?rest_route=\/wp\/v2\/pages\/854","targetHints":{"allow":["GET"]}}],"collection":[{"href":"https:\/\/temkad.org\/index.php?rest_route=\/wp\/v2\/pages"}],"about":[{"href":"https:\/\/temkad.org\/index.php?rest_route=\/wp\/v2\/types\/page"}],"author":[{"embeddable":true,"href":"https:\/\/temkad.org\/index.php?rest_route=\/wp\/v2\/users\/1"}],"replies":[{"embeddable":true,"href":"https:\/\/temkad.org\/index.php?rest_route=%2Fwp%2Fv2%2Fcomments&post=854"}],"version-history":[{"count":5,"href":"https:\/\/temkad.org\/index.php?rest_route=\/wp\/v2\/pages\/854\/revisions"}],"predecessor-version":[{"id":863,"href":"https:\/\/temkad.org\/index.php?rest_route=\/wp\/v2\/pages\/854\/revisions\/863"}],"wp:attachment":[{"href":"https:\/\/temkad.org\/index.php?rest_route=%2Fwp%2Fv2%2Fmedia&parent=854"}],"curies":[{"name":"wp","href":"https:\/\/api.w.org\/{rel}","templated":true}]}}