{"id":9,"date":"2022-04-19T01:16:30","date_gmt":"2022-04-19T01:16:30","guid":{"rendered":"http:\/\/temkad.org\/?page_id=9"},"modified":"2022-04-20T13:27:58","modified_gmt":"2022-04-20T13:27:58","slug":"misyonumuz","status":"publish","type":"page","link":"https:\/\/temkad.org\/?page_id=9","title":{"rendered":"Misyonumuz"},"content":{"rendered":"<!-- wp:themify-builder\/canvas \/-->","protected":false},"excerpt":{"rendered":"","protected":false},"author":1,"featured_media":0,"parent":0,"menu_order":0,"comment_status":"closed","ping_status":"closed","template":"","meta":{"site-sidebar-layout":"default","site-content-layout":"default","ast-main-header-display":"","ast-hfb-above-header-display":"","ast-hfb-below-header-display":"","ast-hfb-mobile-header-display":"","site-post-title":"","ast-breadcrumbs-content":"","ast-featured-img":"","footer-sml-layout":"","theme-transparent-header-meta":"","adv-header-id-meta":"","stick-header-meta":"","header-above-stick-meta":"","header-main-stick-meta":"","header-below-stick-meta":"","footnotes":""},"class_list":["post-9","page","type-page","status-publish","hentry"],"builder_content":"<h1>Sa\u011fl\u0131kl\u0131 ya\u015fam\u0131n korunmas\u0131 ve t\u00fcm hastal\u0131klar\u0131n \u00f6nlenmesi, tedavisi ve takiplerini konu alan bilimsel i\u00e7erikli etkinlerin\/ ara\u015ft\u0131rmalar\u0131n sa\u011fl\u0131k \u00e7al\u0131\u015fanlar\u0131 ve toplum sa\u011fl\u0131\u011f\u0131na bilimsel katk\u0131 salayacak \u015fekilde desteklemek, geli\u015ftirmek ve te\u015fvik etmek.<\/h1>\n<img src=\"https:\/\/themify.me\/demo\/themes\/predesigned-rows\/files\/2017\/05\/people-1.png\" width=\"1400\" height=\"476\" title=\"Misyonumuz\" alt=\"Misyonumuz\">","_links":{"self":[{"href":"https:\/\/temkad.org\/index.php?rest_route=\/wp\/v2\/pages\/9","targetHints":{"allow":["GET"]}}],"collection":[{"href":"https:\/\/temkad.org\/index.php?rest_route=\/wp\/v2\/pages"}],"about":[{"href":"https:\/\/temkad.org\/index.php?rest_route=\/wp\/v2\/types\/page"}],"author":[{"embeddable":true,"href":"https:\/\/temkad.org\/index.php?rest_route=\/wp\/v2\/users\/1"}],"replies":[{"embeddable":true,"href":"https:\/\/temkad.org\/index.php?rest_route=%2Fwp%2Fv2%2Fcomments&post=9"}],"version-history":[{"count":4,"href":"https:\/\/temkad.org\/index.php?rest_route=\/wp\/v2\/pages\/9\/revisions"}],"predecessor-version":[{"id":945,"href":"https:\/\/temkad.org\/index.php?rest_route=\/wp\/v2\/pages\/9\/revisions\/945"}],"wp:attachment":[{"href":"https:\/\/temkad.org\/index.php?rest_route=%2Fwp%2Fv2%2Fmedia&parent=9"}],"curies":[{"name":"wp","href":"https:\/\/api.w.org\/{rel}","templated":true}]}}